{"id":11,"date":"2024-07-09T16:18:47","date_gmt":"2024-07-09T14:18:47","guid":{"rendered":"https:\/\/www.piacersi.org\/?page_id=11"},"modified":"2024-07-09T16:18:47","modified_gmt":"2024-07-09T14:18:47","slug":"cose-piacersi-org","status":"publish","type":"page","link":"https:\/\/www.piacersi.org\/","title":{"rendered":"Cos&#8217;\u00e8 Piacersi.org"},"content":{"rendered":"\n<p>Questo nuovo progetto fotografico di Felice Marra nasce dalla necessit\u00e0 espressa da molte donne di poter essere se stesse. Di avere la necessit\u00e0 di non sentirsi costantemente fuori posto per qualche chilo in pi\u00f9, per un po&#8217; di cellulite, per il fatto di uscire dagli standard di forme che la societ\u00e0 dell&#8217;immagine ci impone. <br><br>Riprendendo le parole del fotografo Tito Borsa &#8220;Ogni corpo e ogni persona hanno una storia da raccontare e sono tutte storie degne di essere ascoltate. Fotografie che vogliono raccontare storie ed esseri umani. Lo shooting diventa a questo punto un&#8217;esperienza, talvolta proprio liberatoria, in cui potersi esprimere senza il rischio di incorrere nella riprovazione sociale.&#8221;<\/p>\n\n\n\n<p>Sito e progetto appena nati. A breve troverete nuovi contenuti. A Presto<\/p>\n","protected":false},"excerpt":{"rendered":"<p>Questo nuovo progetto fotografico di Felice Marra nasce dalla necessit\u00e0 espressa da molte donne di poter essere se stesse. Di avere la necessit\u00e0 di non sentirsi costantemente fuori posto per qualche chilo in pi\u00f9, per un po&#8217; di cellulite, per il fatto di uscire dagli standard di forme che la societ\u00e0 dell&#8217;immagine ci impone. Riprendendo&hellip; <a class=\"more-link\" href=\"https:\/\/www.piacersi.org\/\">Continua a leggere <span class=\"screen-reader-text\">Cos&#8217;\u00e8 Piacersi.org<\/span><\/a><\/p>\n","protected":false},"author":1,"featured_media":0,"parent":0,"menu_order":0,"comment_status":"closed","ping_status":"closed","template":"","meta":{"footnotes":""},"_links":{"self":[{"href":"https:\/\/www.piacersi.org\/index.php\/wp-json\/wp\/v2\/pages\/11"}],"collection":[{"href":"https:\/\/www.piacersi.org\/index.php\/wp-json\/wp\/v2\/pages"}],"about":[{"href":"https:\/\/www.piacersi.org\/index.php\/wp-json\/wp\/v2\/types\/page"}],"author":[{"embeddable":true,"href":"https:\/\/www.piacersi.org\/index.php\/wp-json\/wp\/v2\/users\/1"}],"replies":[{"embeddable":true,"href":"https:\/\/www.piacersi.org\/index.php\/wp-json\/wp\/v2\/comments?post=11"}],"version-history":[{"count":1,"href":"https:\/\/www.piacersi.org\/index.php\/wp-json\/wp\/v2\/pages\/11\/revisions"}],"predecessor-version":[{"id":12,"href":"https:\/\/www.piacersi.org\/index.php\/wp-json\/wp\/v2\/pages\/11\/revisions\/12"}],"wp:attachment":[{"href":"https:\/\/www.piacersi.org\/index.php\/wp-json\/wp\/v2\/media?parent=11"}],"curies":[{"name":"wp","href":"https:\/\/api.w.org\/{rel}","templated":true}]}}